{"id":14128,"date":"2022-05-12T16:51:55","date_gmt":"2022-05-12T13:51:55","guid":{"rendered":"https:\/\/www.artout.ro\/lounge\/?post_type=product&#038;p=14128"},"modified":"2022-05-12T17:06:40","modified_gmt":"2022-05-12T14:06:40","slug":"tote-bag","status":"publish","type":"product","link":"https:\/\/www.artout.ro\/lounge\/produs\/tote-bag\/","title":{"rendered":"Tote Bag"},"content":{"rendered":"<p>Tote Bag\u2026 Tote Bag\u2026 Oare se merit\u0103 investi\u021bia?<\/p>\n<p>Eu spun c\u0103 da, chiar se merit\u0103 \u0219i am s\u0103 \u0219i \u00ee\u021bi spun de ce\u2026<\/p>\n<p>Pe l\u00e2ng\u0103 faptul c\u0103 poate fi un accesoriu mi\u0219to pentru tine (sau pentru o persoan\u0103 drag\u0103 \u021bie), Tote Bag te ajut\u0103 s\u0103 ai mai mare grij\u0103 de mediul \u00eenconjur\u0103tor.<\/p>\n<p>Cum?<\/p>\n<p>Este f\u0103cut\u0103 din bumbac\u2026ceea ce \u00eenseamn\u0103 c\u0103 o po\u021bi reutiliza ori de c\u00e2te ori dore\u0219ti.<\/p>\n<p>\u0218tiu..\u0219tiu.. \u021bi se pare de \u201cmod\u0103 veche\u201d s\u0103 mergi cu propria ta pung\u0103 la cump\u0103r\u0103turi, dar c\u00e2nd te gande\u0219ti c\u0103 o familie consum\u0103 \u00een medie \u00eentre 1000 &#8211; 1500 de pungi de plastic anual, nu mai pare at\u00e2t de cli\u0219eic (o pung\u0103 se descompune \u00eentre 15 si 1000 de ani, \u0219i asta \u00een condi\u021bii favorabile, nu plutind prin oceane).<\/p>\n<p>Poate \u021bi se pare mare investi\u021bia la \u00eenceput, \u00eens\u0103 daca faci un mic calcul, un Tote Bag te poate \u00eenso\u021bi timp de ca\u021biva ani, \u00een timp ce o punga de plastic se degradeaz\u0103 p\u00e2n\u0103 ajungi acas\u0103 de la cump\u0103r\u0103turi, iar a doua zi cumperi alta sau poate chiar mai multe.<\/p>\n<p>Dac\u0103 e\u0219ti iubitor\/-oare de animale, Tote Bag te ajut\u0103 s\u0103 ai grij\u0103 de ele. Mai mult de 100 000 de animale marine mor anual deoarece confund\u0103 pungile de plastic cu mancarea.<\/p>\n<p>P.s. Uit\u0103 de faimoasa pung\u0103 cu pungi din casa ta \u0219i fii sustenabil. Nu uita c\u0103 doar \u00een anul 1977 pungile din plastic au fost introduse \u00een magazine, p\u00e2n\u0103 atunci genera\u021bii \u00eentregii \u00ee\u0219i foloseau propria lor Tote Bag. Am \u00eencredere c\u0103 \u0219i tu po\u021bi face asta.<\/p>\n","protected":false},"excerpt":{"rendered":"<p>Tote Bag\u2026 Tote Bag\u2026 Oare se merit\u0103 investi\u021bia? Eu spun c\u0103 da, chiar se merit\u0103 \u0219i am s\u0103 \u0219i \u00ee\u021bi spun de ce\u2026 Pe l\u00e2ng\u0103 faptul c\u0103 poate fi un accesoriu mi\u0219to pentru tine (sau pentru o persoan\u0103 drag\u0103 \u021bie), Tote Bag te ajut\u0103 s\u0103 ai mai mare grij\u0103 de mediul \u00eenconjur\u0103tor. Cum? Este f\u0103cut\u0103 [&hellip;]<\/p>\n","protected":false},"featured_media":14129,"template":"","meta":{"ocean_post_layout":"","ocean_both_sidebars_style":"","ocean_both_sidebars_content_width":0,"ocean_both_sidebars_sidebars_width":0,"ocean_sidebar":"0","ocean_second_sidebar":"0","ocean_disable_margins":"enable","ocean_add_body_class":"","ocean_shortcode_before_top_bar":"","ocean_shortcode_after_top_bar":"","ocean_shortcode_before_header":"","ocean_shortcode_after_header":"","ocean_has_shortcode":"","ocean_shortcode_after_title":"","ocean_shortcode_before_footer_widgets":"","ocean_shortcode_after_footer_widgets":"","ocean_shortcode_before_footer_bottom":"","ocean_shortcode_after_footer_bottom":"","ocean_display_top_bar":"default","ocean_display_header":"default","ocean_header_style":"","ocean_center_header_left_menu":"0","ocean_custom_header_template":"0","ocean_custom_logo":0,"ocean_custom_retina_logo":0,"ocean_custom_logo_max_width":0,"ocean_custom_logo_tablet_max_width":0,"ocean_custom_logo_mobile_max_width":0,"ocean_custom_logo_max_height":0,"ocean_custom_logo_tablet_max_height":0,"ocean_custom_logo_mobile_max_height":0,"ocean_header_custom_menu":"0","ocean_menu_typo_font_family":"0","ocean_menu_typo_font_subset":"","ocean_menu_typo_font_size":0,"ocean_menu_typo_font_size_tablet":0,"ocean_menu_typo_font_size_mobile":0,"ocean_menu_typo_font_size_unit":"px","ocean_menu_typo_font_weight":"","ocean_menu_typo_font_weight_tablet":"","ocean_menu_typo_font_weight_mobile":"","ocean_menu_typo_transform":"","ocean_menu_typo_transform_tablet":"","ocean_menu_typo_transform_mobile":"","ocean_menu_typo_line_height":0,"ocean_menu_typo_line_height_tablet":0,"ocean_menu_typo_line_height_mobile":0,"ocean_menu_typo_line_height_unit":"","ocean_menu_typo_spacing":0,"ocean_menu_typo_spacing_tablet":0,"ocean_menu_typo_spacing_mobile":0,"ocean_menu_typo_spacing_unit":"","ocean_menu_link_color":"","ocean_menu_link_color_hover":"","ocean_menu_link_color_active":"","ocean_menu_link_background":"","ocean_menu_link_hover_background":"","ocean_menu_link_active_background":"","ocean_menu_social_links_bg":"","ocean_menu_social_hover_links_bg":"","ocean_menu_social_links_color":"","ocean_menu_social_hover_links_color":"","ocean_disable_title":"default","ocean_disable_heading":"default","ocean_post_title":"","ocean_post_subheading":"","ocean_post_title_style":"","ocean_post_title_background_color":"","ocean_post_title_background":0,"ocean_post_title_bg_image_position":"","ocean_post_title_bg_image_attachment":"","ocean_post_title_bg_image_repeat":"","ocean_post_title_bg_image_size":"","ocean_post_title_height":0,"ocean_post_title_bg_overlay":0.5,"ocean_post_title_bg_overlay_color":"","ocean_disable_breadcrumbs":"default","ocean_breadcrumbs_color":"","ocean_breadcrumbs_separator_color":"","ocean_breadcrumbs_links_color":"","ocean_breadcrumbs_links_hover_color":"","ocean_display_footer_widgets":"default","ocean_display_footer_bottom":"default","ocean_custom_footer_template":"0"},"product_brand":[],"product_cat":[6241],"product_tag":[],"class_list":{"0":"post-14128","1":"product","2":"type-product","3":"status-publish","4":"has-post-thumbnail","6":"product_cat-personalizate","8":"entry","9":"has-media","11":"first","12":"instock","13":"shipping-taxable","14":"purchasable","15":"product-type-variable","16":"has-product-nav","17":"col","18":"span_1_of_3","19":"owp-content-center","20":"owp-thumbs-layout-horizontal","21":"owp-btn-normal","22":"owp-tabs-layout-horizontal","23":"has-no-thumbnails"},"yoast_head":"<!-- This site is optimized with the Yoast SEO plugin v27.4 - https:\/\/yoast.com\/product\/yoast-seo-wordpress\/ -->\n<title>Tote Bag - Art Out Lounge<\/title>\n<meta name=\"robots\" content=\"index, follow, max-snippet:-1, max-image-preview:large, max-video-preview:-1\" \/>\n<link rel=\"canonical\" href=\"https:\/\/www.artout.ro\/lounge\/produs\/tote-bag\/\" \/>\n<meta property=\"og:locale\" content=\"ro_RO\" \/>\n<meta property=\"og:type\" content=\"article\" \/>\n<meta property=\"og:title\" content=\"Tote Bag - Art Out Lounge\" \/>\n<meta property=\"og:description\" content=\"Tote Bag\u2026 Tote Bag\u2026 Oare se merit\u0103 investi\u021bia? Eu spun c\u0103 da, chiar se merit\u0103 \u0219i am s\u0103 \u0219i \u00ee\u021bi spun de ce\u2026 Pe l\u00e2ng\u0103 faptul c\u0103 poate fi un accesoriu mi\u0219to pentru tine (sau pentru o persoan\u0103 drag\u0103 \u021bie), Tote Bag te ajut\u0103 s\u0103 ai mai mare grij\u0103 de mediul \u00eenconjur\u0103tor. Cum? Este f\u0103cut\u0103 [&hellip;]\" \/>\n<meta property=\"og:url\" content=\"https:\/\/www.artout.ro\/lounge\/produs\/tote-bag\/\" \/>\n<meta property=\"og:site_name\" content=\"Art Out Lounge\" \/>\n<meta property=\"article:modified_time\" content=\"2022-05-12T14:06:40+00:00\" \/>\n<meta property=\"og:image\" content=\"https:\/\/www.artout.ro\/lounge\/wp-content\/uploads\/2022\/05\/2.png\" \/>\n\t<meta property=\"og:image:width\" content=\"1080\" \/>\n\t<meta property=\"og:image:height\" content=\"1080\" \/>\n\t<meta property=\"og:image:type\" content=\"image\/png\" \/>\n<meta name=\"twitter:card\" content=\"summary_large_image\" \/>\n<meta name=\"twitter:label1\" content=\"Timp estimat pentru citire\" \/>\n\t<meta name=\"twitter:data1\" content=\"2 minute\" \/>\n<script type=\"application\/ld+json\" class=\"yoast-schema-graph\">{\"@context\":\"https:\\\/\\\/schema.org\",\"@graph\":[{\"@type\":\"WebPage\",\"@id\":\"https:\\\/\\\/www.artout.ro\\\/lounge\\\/produs\\\/tote-bag\\\/\",\"url\":\"https:\\\/\\\/www.artout.ro\\\/lounge\\\/produs\\\/tote-bag\\\/\",\"name\":\"Tote Bag - Art Out Lounge\",\"isPartOf\":{\"@id\":\"https:\\\/\\\/www.artout.ro\\\/lounge\\\/#website\"},\"primaryImageOfPage\":{\"@id\":\"https:\\\/\\\/www.artout.ro\\\/lounge\\\/produs\\\/tote-bag\\\/#primaryimage\"},\"image\":{\"@id\":\"https:\\\/\\\/www.artout.ro\\\/lounge\\\/produs\\\/tote-bag\\\/#primaryimage\"},\"thumbnailUrl\":\"https:\\\/\\\/www.artout.ro\\\/lounge\\\/wp-content\\\/uploads\\\/2022\\\/05\\\/2.png\",\"datePublished\":\"2022-05-12T13:51:55+00:00\",\"dateModified\":\"2022-05-12T14:06:40+00:00\",\"breadcrumb\":{\"@id\":\"https:\\\/\\\/www.artout.ro\\\/lounge\\\/produs\\\/tote-bag\\\/#breadcrumb\"},\"inLanguage\":\"ro-RO\",\"potentialAction\":[{\"@type\":\"ReadAction\",\"target\":[\"https:\\\/\\\/www.artout.ro\\\/lounge\\\/produs\\\/tote-bag\\\/\"]}]},{\"@type\":\"ImageObject\",\"inLanguage\":\"ro-RO\",\"@id\":\"https:\\\/\\\/www.artout.ro\\\/lounge\\\/produs\\\/tote-bag\\\/#primaryimage\",\"url\":\"https:\\\/\\\/www.artout.ro\\\/lounge\\\/wp-content\\\/uploads\\\/2022\\\/05\\\/2.png\",\"contentUrl\":\"https:\\\/\\\/www.artout.ro\\\/lounge\\\/wp-content\\\/uploads\\\/2022\\\/05\\\/2.png\",\"width\":1080,\"height\":1080},{\"@type\":\"BreadcrumbList\",\"@id\":\"https:\\\/\\\/www.artout.ro\\\/lounge\\\/produs\\\/tote-bag\\\/#breadcrumb\",\"itemListElement\":[{\"@type\":\"ListItem\",\"position\":1,\"name\":\"Prima pagin\u0103\",\"item\":\"https:\\\/\\\/www.artout.ro\\\/lounge\\\/\"},{\"@type\":\"ListItem\",\"position\":2,\"name\":\"Magazin\",\"item\":\"https:\\\/\\\/www.artout.ro\\\/lounge\\\/magazin\\\/\"},{\"@type\":\"ListItem\",\"position\":3,\"name\":\"Tote Bag\"}]},{\"@type\":\"WebSite\",\"@id\":\"https:\\\/\\\/www.artout.ro\\\/lounge\\\/#website\",\"url\":\"https:\\\/\\\/www.artout.ro\\\/lounge\\\/\",\"name\":\"Art Out Lounge\",\"description\":\"Revista, Arta, Arhitectura, Patrimoniu, Restaurare\",\"publisher\":{\"@id\":\"https:\\\/\\\/www.artout.ro\\\/lounge\\\/#organization\"},\"potentialAction\":[{\"@type\":\"SearchAction\",\"target\":{\"@type\":\"EntryPoint\",\"urlTemplate\":\"https:\\\/\\\/www.artout.ro\\\/lounge\\\/?s={search_term_string}\"},\"query-input\":{\"@type\":\"PropertyValueSpecification\",\"valueRequired\":true,\"valueName\":\"search_term_string\"}}],\"inLanguage\":\"ro-RO\"},{\"@type\":\"Organization\",\"@id\":\"https:\\\/\\\/www.artout.ro\\\/lounge\\\/#organization\",\"name\":\"Art Out Lounge\",\"url\":\"https:\\\/\\\/www.artout.ro\\\/lounge\\\/\",\"logo\":{\"@type\":\"ImageObject\",\"inLanguage\":\"ro-RO\",\"@id\":\"https:\\\/\\\/www.artout.ro\\\/lounge\\\/#\\\/schema\\\/logo\\\/image\\\/\",\"url\":\"https:\\\/\\\/www.artout.ro\\\/lounge\\\/wp-content\\\/uploads\\\/2021\\\/10\\\/cropped-ART-OUT-LOGO-slogan-vectorial.png\",\"contentUrl\":\"https:\\\/\\\/www.artout.ro\\\/lounge\\\/wp-content\\\/uploads\\\/2021\\\/10\\\/cropped-ART-OUT-LOGO-slogan-vectorial.png\",\"width\":1802,\"height\":854,\"caption\":\"Art Out Lounge\"},\"image\":{\"@id\":\"https:\\\/\\\/www.artout.ro\\\/lounge\\\/#\\\/schema\\\/logo\\\/image\\\/\"}}]}<\/script>\n<!-- \/ Yoast SEO plugin. -->","yoast_head_json":{"title":"Tote Bag - Art Out Lounge","robots":{"index":"index","follow":"follow","max-snippet":"max-snippet:-1","max-image-preview":"max-image-preview:large","max-video-preview":"max-video-preview:-1"},"canonical":"https:\/\/www.artout.ro\/lounge\/produs\/tote-bag\/","og_locale":"ro_RO","og_type":"article","og_title":"Tote Bag - Art Out Lounge","og_description":"Tote Bag\u2026 Tote Bag\u2026 Oare se merit\u0103 investi\u021bia? Eu spun c\u0103 da, chiar se merit\u0103 \u0219i am s\u0103 \u0219i \u00ee\u021bi spun de ce\u2026 Pe l\u00e2ng\u0103 faptul c\u0103 poate fi un accesoriu mi\u0219to pentru tine (sau pentru o persoan\u0103 drag\u0103 \u021bie), Tote Bag te ajut\u0103 s\u0103 ai mai mare grij\u0103 de mediul \u00eenconjur\u0103tor. Cum? Este f\u0103cut\u0103 [&hellip;]","og_url":"https:\/\/www.artout.ro\/lounge\/produs\/tote-bag\/","og_site_name":"Art Out Lounge","article_modified_time":"2022-05-12T14:06:40+00:00","og_image":[{"width":1080,"height":1080,"url":"https:\/\/www.artout.ro\/lounge\/wp-content\/uploads\/2022\/05\/2.png","type":"image\/png"}],"twitter_card":"summary_large_image","twitter_misc":{"Timp estimat pentru citire":"2 minute"},"schema":{"@context":"https:\/\/schema.org","@graph":[{"@type":"WebPage","@id":"https:\/\/www.artout.ro\/lounge\/produs\/tote-bag\/","url":"https:\/\/www.artout.ro\/lounge\/produs\/tote-bag\/","name":"Tote Bag - Art Out Lounge","isPartOf":{"@id":"https:\/\/www.artout.ro\/lounge\/#website"},"primaryImageOfPage":{"@id":"https:\/\/www.artout.ro\/lounge\/produs\/tote-bag\/#primaryimage"},"image":{"@id":"https:\/\/www.artout.ro\/lounge\/produs\/tote-bag\/#primaryimage"},"thumbnailUrl":"https:\/\/www.artout.ro\/lounge\/wp-content\/uploads\/2022\/05\/2.png","datePublished":"2022-05-12T13:51:55+00:00","dateModified":"2022-05-12T14:06:40+00:00","breadcrumb":{"@id":"https:\/\/www.artout.ro\/lounge\/produs\/tote-bag\/#breadcrumb"},"inLanguage":"ro-RO","potentialAction":[{"@type":"ReadAction","target":["https:\/\/www.artout.ro\/lounge\/produs\/tote-bag\/"]}]},{"@type":"ImageObject","inLanguage":"ro-RO","@id":"https:\/\/www.artout.ro\/lounge\/produs\/tote-bag\/#primaryimage","url":"https:\/\/www.artout.ro\/lounge\/wp-content\/uploads\/2022\/05\/2.png","contentUrl":"https:\/\/www.artout.ro\/lounge\/wp-content\/uploads\/2022\/05\/2.png","width":1080,"height":1080},{"@type":"BreadcrumbList","@id":"https:\/\/www.artout.ro\/lounge\/produs\/tote-bag\/#breadcrumb","itemListElement":[{"@type":"ListItem","position":1,"name":"Prima pagin\u0103","item":"https:\/\/www.artout.ro\/lounge\/"},{"@type":"ListItem","position":2,"name":"Magazin","item":"https:\/\/www.artout.ro\/lounge\/magazin\/"},{"@type":"ListItem","position":3,"name":"Tote Bag"}]},{"@type":"WebSite","@id":"https:\/\/www.artout.ro\/lounge\/#website","url":"https:\/\/www.artout.ro\/lounge\/","name":"Art Out Lounge","description":"Revista, Arta, Arhitectura, Patrimoniu, Restaurare","publisher":{"@id":"https:\/\/www.artout.ro\/lounge\/#organization"},"potentialAction":[{"@type":"SearchAction","target":{"@type":"EntryPoint","urlTemplate":"https:\/\/www.artout.ro\/lounge\/?s={search_term_string}"},"query-input":{"@type":"PropertyValueSpecification","valueRequired":true,"valueName":"search_term_string"}}],"inLanguage":"ro-RO"},{"@type":"Organization","@id":"https:\/\/www.artout.ro\/lounge\/#organization","name":"Art Out Lounge","url":"https:\/\/www.artout.ro\/lounge\/","logo":{"@type":"ImageObject","inLanguage":"ro-RO","@id":"https:\/\/www.artout.ro\/lounge\/#\/schema\/logo\/image\/","url":"https:\/\/www.artout.ro\/lounge\/wp-content\/uploads\/2021\/10\/cropped-ART-OUT-LOGO-slogan-vectorial.png","contentUrl":"https:\/\/www.artout.ro\/lounge\/wp-content\/uploads\/2021\/10\/cropped-ART-OUT-LOGO-slogan-vectorial.png","width":1802,"height":854,"caption":"Art Out Lounge"},"image":{"@id":"https:\/\/www.artout.ro\/lounge\/#\/schema\/logo\/image\/"}}]}},"_links":{"self":[{"href":"https:\/\/www.artout.ro\/lounge\/wp-json\/wp\/v2\/product\/14128","targetHints":{"allow":["GET"]}}],"collection":[{"href":"https:\/\/www.artout.ro\/lounge\/wp-json\/wp\/v2\/product"}],"about":[{"href":"https:\/\/www.artout.ro\/lounge\/wp-json\/wp\/v2\/types\/product"}],"wp:featuredmedia":[{"embeddable":true,"href":"https:\/\/www.artout.ro\/lounge\/wp-json\/wp\/v2\/media\/14129"}],"wp:attachment":[{"href":"https:\/\/www.artout.ro\/lounge\/wp-json\/wp\/v2\/media?parent=14128"}],"wp:term":[{"taxonomy":"product_brand","embeddable":true,"href":"https:\/\/www.artout.ro\/lounge\/wp-json\/wp\/v2\/product_brand?post=14128"},{"taxonomy":"product_cat","embeddable":true,"href":"https:\/\/www.artout.ro\/lounge\/wp-json\/wp\/v2\/product_cat?post=14128"},{"taxonomy":"product_tag","embeddable":true,"href":"https:\/\/www.artout.ro\/lounge\/wp-json\/wp\/v2\/product_tag?post=14128"}],"curies":[{"name":"wp","href":"https:\/\/api.w.org\/{rel}","templated":true}]}}